{"id":46933,"date":"2026-04-08T18:21:12","date_gmt":"2026-04-08T16:21:12","guid":{"rendered":"https:\/\/milexia.com\/fr\/?page_id=46933"},"modified":"2026-04-13T18:05:32","modified_gmt":"2026-04-13T16:05:32","slug":"rf-solutions","status":"publish","type":"page","link":"https:\/\/milexia.com\/fr\/industries-fr\/test-mesure\/rf-solutions\/","title":{"rendered":"RF Solutions"},"content":{"rendered":"<h2>Gr\u00e2ce \u00e0 une large gamme de solutions pour <strong>bancs de test<\/strong><span> et \u00e0 une solide expertise en ing\u00e9nierie, nous accompagnons nos clients avec des <\/span><strong>configurations sur mesure<\/strong><span>, parfaitement adapt\u00e9es \u00e0 leurs exigences sp\u00e9cifiques.<\/span><\/h2>\n","protected":false},"excerpt":{"rendered":"<p>Gr\u00e2ce \u00e0 une large gamme de solutions pour bancs de test et \u00e0 une solide expertise en ing\u00e9nierie, nous accompagnons nos clients avec des configurations sur mesure, parfaitement adapt\u00e9es \u00e0 leurs exigences sp\u00e9cifiques.<\/p>\n","protected":false},"author":43,"featured_media":46281,"parent":46938,"menu_order":49,"comment_status":"closed","ping_status":"closed","template":"page-templates\/page-home-r.php","meta":{"_acf_changed":false,"footnotes":""},"class_list":["post-46933","page","type-page","status-publish","has-post-thumbnail","hentry"],"acf":[],"yoast_head":"<!-- This site is optimized with the Yoast SEO Premium plugin v24.6 (Yoast SEO v27.4) - https:\/\/yoast.com\/product\/yoast-seo-premium-wordpress\/ -->\n<title>Solutions RF pour Bancs de Test | Milexia France<\/title>\n<meta name=\"description\" content=\"Milexia France con\u00e7oit et fournit des solutions pour bancs de test RF : g\u00e9n\u00e9ration de signaux, transmission et mesure. Configurations sur mesure pour l\u2019a\u00e9ronautique, la d\u00e9fense, le spatial et l\u2019\u00e9nergie.\" \/>\n<meta name=\"robots\" content=\"index, follow, max-snippet:-1, max-image-preview:large, max-video-preview:-1\" \/>\n<link rel=\"canonical\" href=\"https:\/\/milexia.com\/fr\/industries-fr\/test-mesure\/rf-solutions\/\" \/>\n<meta property=\"og:locale\" content=\"en_GB\" \/>\n<meta property=\"og:type\" content=\"article\" \/>\n<meta property=\"og:title\" content=\"RF Solutions\" \/>\n<meta property=\"og:description\" content=\"Milexia France con\u00e7oit et fournit des solutions pour bancs de test RF : g\u00e9n\u00e9ration de signaux, transmission et mesure. Configurations sur mesure pour l\u2019a\u00e9ronautique, la d\u00e9fense, le spatial et l\u2019\u00e9nergie.\" \/>\n<meta property=\"og:url\" content=\"https:\/\/milexia.com\/fr\/industries-fr\/test-mesure\/rf-solutions\/\" \/>\n<meta property=\"og:site_name\" content=\"Milexia France\" \/>\n<meta property=\"article:modified_time\" content=\"2026-04-13T16:05:32+00:00\" \/>\n<meta property=\"og:image\" content=\"https:\/\/milexia.com\/wp-content\/uploads\/sites\/2\/2025\/11\/featured-background-rf-test-solutions-1-scaled-1.webp\" \/>\n\t<meta property=\"og:image:width\" content=\"2560\" \/>\n\t<meta property=\"og:image:height\" content=\"955\" \/>\n\t<meta property=\"og:image:type\" content=\"image\/webp\" \/>\n<meta name=\"twitter:card\" content=\"summary_large_image\" \/>\n<meta name=\"twitter:label1\" content=\"Estimated reading time\" \/>\n\t<meta name=\"twitter:data1\" content=\"4 minutes\" \/>\n<script type=\"application\/ld+json\" class=\"yoast-schema-graph\">{\"@context\":\"https:\\\/\\\/schema.org\",\"@graph\":[{\"@type\":\"WebPage\",\"@id\":\"https:\\\/\\\/milexia.com\\\/fr\\\/industries-fr\\\/test-mesure\\\/rf-solutions\\\/\",\"url\":\"https:\\\/\\\/milexia.com\\\/fr\\\/industries-fr\\\/test-mesure\\\/rf-solutions\\\/\",\"name\":\"Solutions RF pour Bancs de Test | Milexia France\",\"isPartOf\":{\"@id\":\"https:\\\/\\\/milexia.com\\\/fr\\\/#website\"},\"primaryImageOfPage\":{\"@id\":\"https:\\\/\\\/milexia.com\\\/fr\\\/industries-fr\\\/test-mesure\\\/rf-solutions\\\/#primaryimage\"},\"image\":{\"@id\":\"https:\\\/\\\/milexia.com\\\/fr\\\/industries-fr\\\/test-mesure\\\/rf-solutions\\\/#primaryimage\"},\"thumbnailUrl\":\"\\\/wp-content\\\/uploads\\\/sites\\\/2\\\/2025\\\/11\\\/featured-background-rf-test-solutions-1-scaled-1.webp\",\"datePublished\":\"2026-04-08T16:21:12+00:00\",\"dateModified\":\"2026-04-13T16:05:32+00:00\",\"description\":\"Milexia France con\u00e7oit et fournit des solutions pour bancs de test RF : g\u00e9n\u00e9ration de signaux, transmission et mesure. Configurations sur mesure pour l\u2019a\u00e9ronautique, la d\u00e9fense, le spatial et l\u2019\u00e9nergie.\",\"breadcrumb\":{\"@id\":\"https:\\\/\\\/milexia.com\\\/fr\\\/industries-fr\\\/test-mesure\\\/rf-solutions\\\/#breadcrumb\"},\"inLanguage\":\"en-GB\",\"potentialAction\":[{\"@type\":\"ReadAction\",\"target\":[\"https:\\\/\\\/milexia.com\\\/fr\\\/industries-fr\\\/test-mesure\\\/rf-solutions\\\/\"]}]},{\"@type\":\"ImageObject\",\"inLanguage\":\"en-GB\",\"@id\":\"https:\\\/\\\/milexia.com\\\/fr\\\/industries-fr\\\/test-mesure\\\/rf-solutions\\\/#primaryimage\",\"url\":\"\\\/wp-content\\\/uploads\\\/sites\\\/2\\\/2025\\\/11\\\/featured-background-rf-test-solutions-1-scaled-1.webp\",\"contentUrl\":\"\\\/wp-content\\\/uploads\\\/sites\\\/2\\\/2025\\\/11\\\/featured-background-rf-test-solutions-1-scaled-1.webp\",\"width\":2560,\"height\":955,\"caption\":\"RF test bench setup for high-performance measurement of RF and microwave systems\"},{\"@type\":\"BreadcrumbList\",\"@id\":\"https:\\\/\\\/milexia.com\\\/fr\\\/industries-fr\\\/test-mesure\\\/rf-solutions\\\/#breadcrumb\",\"itemListElement\":[{\"@type\":\"ListItem\",\"position\":1,\"name\":\"Home\",\"item\":\"https:\\\/\\\/milexia.com\\\/fr\\\/\"},{\"@type\":\"ListItem\",\"position\":2,\"name\":\"Industry FR (Dummy)\",\"item\":\"https:\\\/\\\/milexia.com\\\/fr\\\/industries-fr\\\/\"},{\"@type\":\"ListItem\",\"position\":3,\"name\":\"Test &amp; Mesure\",\"item\":\"https:\\\/\\\/milexia.com\\\/fr\\\/industries-fr\\\/test-mesure\\\/\"},{\"@type\":\"ListItem\",\"position\":4,\"name\":\"RF Solutions\"}]},{\"@type\":\"WebSite\",\"@id\":\"https:\\\/\\\/milexia.com\\\/fr\\\/#website\",\"url\":\"https:\\\/\\\/milexia.com\\\/fr\\\/\",\"name\":\"Milexia France\",\"description\":\"Faciliter l\u2019acc\u00e8s \u00e0 la technologie\",\"potentialAction\":[{\"@type\":\"SearchAction\",\"target\":{\"@type\":\"EntryPoint\",\"urlTemplate\":\"https:\\\/\\\/milexia.com\\\/fr\\\/?s={search_term_string}\"},\"query-input\":{\"@type\":\"PropertyValueSpecification\",\"valueRequired\":true,\"valueName\":\"search_term_string\"}}],\"inLanguage\":\"en-GB\"}]}<\/script>\n<!-- \/ Yoast SEO Premium plugin. -->","yoast_head_json":{"title":"Solutions RF pour Bancs de Test | Milexia France","description":"Milexia France con\u00e7oit et fournit des solutions pour bancs de test RF : g\u00e9n\u00e9ration de signaux, transmission et mesure. Configurations sur mesure pour l\u2019a\u00e9ronautique, la d\u00e9fense, le spatial et l\u2019\u00e9nergie.","robots":{"index":"index","follow":"follow","max-snippet":"max-snippet:-1","max-image-preview":"max-image-preview:large","max-video-preview":"max-video-preview:-1"},"canonical":"https:\/\/milexia.com\/fr\/industries-fr\/test-mesure\/rf-solutions\/","og_locale":"en_GB","og_type":"article","og_title":"RF Solutions","og_description":"Milexia France con\u00e7oit et fournit des solutions pour bancs de test RF : g\u00e9n\u00e9ration de signaux, transmission et mesure. Configurations sur mesure pour l\u2019a\u00e9ronautique, la d\u00e9fense, le spatial et l\u2019\u00e9nergie.","og_url":"https:\/\/milexia.com\/fr\/industries-fr\/test-mesure\/rf-solutions\/","og_site_name":"Milexia France","article_modified_time":"2026-04-13T16:05:32+00:00","og_image":[{"width":2560,"height":955,"url":"https:\/\/milexia.com\/wp-content\/uploads\/sites\/2\/2025\/11\/featured-background-rf-test-solutions-1-scaled-1.webp","type":"image\/webp"}],"twitter_card":"summary_large_image","twitter_misc":{"Estimated reading time":"4 minutes"},"schema":{"@context":"https:\/\/schema.org","@graph":[{"@type":"WebPage","@id":"https:\/\/milexia.com\/fr\/industries-fr\/test-mesure\/rf-solutions\/","url":"https:\/\/milexia.com\/fr\/industries-fr\/test-mesure\/rf-solutions\/","name":"Solutions RF pour Bancs de Test | Milexia France","isPartOf":{"@id":"https:\/\/milexia.com\/fr\/#website"},"primaryImageOfPage":{"@id":"https:\/\/milexia.com\/fr\/industries-fr\/test-mesure\/rf-solutions\/#primaryimage"},"image":{"@id":"https:\/\/milexia.com\/fr\/industries-fr\/test-mesure\/rf-solutions\/#primaryimage"},"thumbnailUrl":"\/wp-content\/uploads\/sites\/2\/2025\/11\/featured-background-rf-test-solutions-1-scaled-1.webp","datePublished":"2026-04-08T16:21:12+00:00","dateModified":"2026-04-13T16:05:32+00:00","description":"Milexia France con\u00e7oit et fournit des solutions pour bancs de test RF : g\u00e9n\u00e9ration de signaux, transmission et mesure. Configurations sur mesure pour l\u2019a\u00e9ronautique, la d\u00e9fense, le spatial et l\u2019\u00e9nergie.","breadcrumb":{"@id":"https:\/\/milexia.com\/fr\/industries-fr\/test-mesure\/rf-solutions\/#breadcrumb"},"inLanguage":"en-GB","potentialAction":[{"@type":"ReadAction","target":["https:\/\/milexia.com\/fr\/industries-fr\/test-mesure\/rf-solutions\/"]}]},{"@type":"ImageObject","inLanguage":"en-GB","@id":"https:\/\/milexia.com\/fr\/industries-fr\/test-mesure\/rf-solutions\/#primaryimage","url":"\/wp-content\/uploads\/sites\/2\/2025\/11\/featured-background-rf-test-solutions-1-scaled-1.webp","contentUrl":"\/wp-content\/uploads\/sites\/2\/2025\/11\/featured-background-rf-test-solutions-1-scaled-1.webp","width":2560,"height":955,"caption":"RF test bench setup for high-performance measurement of RF and microwave systems"},{"@type":"BreadcrumbList","@id":"https:\/\/milexia.com\/fr\/industries-fr\/test-mesure\/rf-solutions\/#breadcrumb","itemListElement":[{"@type":"ListItem","position":1,"name":"Home","item":"https:\/\/milexia.com\/fr\/"},{"@type":"ListItem","position":2,"name":"Industry FR (Dummy)","item":"https:\/\/milexia.com\/fr\/industries-fr\/"},{"@type":"ListItem","position":3,"name":"Test &amp; Mesure","item":"https:\/\/milexia.com\/fr\/industries-fr\/test-mesure\/"},{"@type":"ListItem","position":4,"name":"RF Solutions"}]},{"@type":"WebSite","@id":"https:\/\/milexia.com\/fr\/#website","url":"https:\/\/milexia.com\/fr\/","name":"Milexia France","description":"Faciliter l\u2019acc\u00e8s \u00e0 la technologie","potentialAction":[{"@type":"SearchAction","target":{"@type":"EntryPoint","urlTemplate":"https:\/\/milexia.com\/fr\/?s={search_term_string}"},"query-input":{"@type":"PropertyValueSpecification","valueRequired":true,"valueName":"search_term_string"}}],"inLanguage":"en-GB"}]}},"lang":"fr","translations":{"fr":46933,"en":46248},"pll_sync_post":[],"_links":{"self":[{"href":"https:\/\/milexia.com\/fr\/wp-json\/wp\/v2\/pages\/46933","targetHints":{"allow":["GET"]}}],"collection":[{"href":"https:\/\/milexia.com\/fr\/wp-json\/wp\/v2\/pages"}],"about":[{"href":"https:\/\/milexia.com\/fr\/wp-json\/wp\/v2\/types\/page"}],"author":[{"embeddable":true,"href":"https:\/\/milexia.com\/fr\/wp-json\/wp\/v2\/users\/43"}],"replies":[{"embeddable":true,"href":"https:\/\/milexia.com\/fr\/wp-json\/wp\/v2\/comments?post=46933"}],"version-history":[{"count":27,"href":"https:\/\/milexia.com\/fr\/wp-json\/wp\/v2\/pages\/46933\/revisions"}],"predecessor-version":[{"id":47492,"href":"https:\/\/milexia.com\/fr\/wp-json\/wp\/v2\/pages\/46933\/revisions\/47492"}],"up":[{"embeddable":true,"href":"https:\/\/milexia.com\/fr\/wp-json\/wp\/v2\/pages\/46938"}],"wp:featuredmedia":[{"embeddable":true,"href":"https:\/\/milexia.com\/fr\/wp-json\/wp\/v2\/media\/46281"}],"wp:attachment":[{"href":"https:\/\/milexia.com\/fr\/wp-json\/wp\/v2\/media?parent=46933"}],"curies":[{"name":"wp","href":"https:\/\/api.w.org\/{rel}","templated":true}]}}