{"id":47202,"date":"2026-04-15T16:06:05","date_gmt":"2026-04-15T14:06:05","guid":{"rendered":"https:\/\/milexia.com\/es\/?page_id=47202"},"modified":"2026-04-15T16:59:55","modified_gmt":"2026-04-15T14:59:55","slug":"pruebas-y-medicion","status":"publish","type":"page","link":"https:\/\/milexia.com\/es\/industries-es\/pruebas-y-medicion\/","title":{"rendered":"Pruebas y Medici\u00f3n"},"content":{"rendered":"<h2>Proveemos soluciones de <b>pruebas y medici\u00f3n<\/b> personalizadas e integradas (COTS) para cada etapa, desde la I+D hasta la producci\u00f3n a gran escala, garantizando <b>precisi\u00f3n<\/b>, fiabilidad y cumplimiento de los m\u00e1s altos est\u00e1ndares de la industria.<\/h2>\n","protected":false},"excerpt":{"rendered":"<p>Proveemos soluciones de pruebas y medici\u00f3n personalizadas e integradas (COTS) para cada etapa, desde la I+D hasta la producci\u00f3n a gran escala, garantizando precisi\u00f3n, fiabilidad y cumplimiento de los m\u00e1s altos est\u00e1ndares de la industria.<\/p>\n","protected":false},"author":43,"featured_media":45415,"parent":47289,"menu_order":3,"comment_status":"closed","ping_status":"closed","template":"page-templates\/page-home-r.php","meta":{"_acf_changed":false,"footnotes":""},"class_list":["post-47202","page","type-page","status-publish","has-post-thumbnail","hentry"],"acf":[],"yoast_head":"<!-- This site is optimized with the Yoast SEO Premium plugin v24.6 (Yoast SEO v27.4) - https:\/\/yoast.com\/product\/yoast-seo-premium-wordpress\/ -->\n<title>Soluciones de Test y Medida | Milexia Espa\u00f1a<\/title>\n<meta name=\"description\" content=\"Soluciones de alto rendimiento en Pruebas y Medicion para los sectores aeroespacial, defensa, espacio y energia. Milexia Iberica suministra e integra bancos de pruebas RF, generadores de senal y analizadores de espectro.\" \/>\n<meta name=\"robots\" content=\"index, follow, max-snippet:-1, max-image-preview:large, max-video-preview:-1\" \/>\n<link rel=\"canonical\" href=\"https:\/\/milexia.com\/es\/industries-es\/pruebas-y-medicion\/\" \/>\n<meta property=\"og:locale\" content=\"en_GB\" \/>\n<meta property=\"og:type\" content=\"article\" \/>\n<meta property=\"og:title\" content=\"Pruebas y Medici\u00f3n\" \/>\n<meta property=\"og:description\" content=\"Soluciones de alto rendimiento en Pruebas y Medicion para los sectores aeroespacial, defensa, espacio y energia. Milexia Iberica suministra e integra bancos de pruebas RF, generadores de senal y analizadores de espectro.\" \/>\n<meta property=\"og:url\" content=\"https:\/\/milexia.com\/es\/industries-es\/pruebas-y-medicion\/\" \/>\n<meta property=\"og:site_name\" content=\"Milexia Ib\u00e9rica\" \/>\n<meta property=\"article:modified_time\" content=\"2026-04-15T14:59:55+00:00\" \/>\n<meta property=\"og:image\" content=\"https:\/\/milexia.com\/wp-content\/uploads\/sites\/4\/2025\/09\/header-test-and-measurement-bg-scaled-1.webp\" \/>\n\t<meta property=\"og:image:width\" content=\"2560\" \/>\n\t<meta property=\"og:image:height\" content=\"955\" \/>\n\t<meta property=\"og:image:type\" content=\"image\/webp\" \/>\n<meta name=\"twitter:card\" content=\"summary_large_image\" \/>\n<meta name=\"twitter:label1\" content=\"Estimated reading time\" \/>\n\t<meta name=\"twitter:data1\" content=\"7 minutes\" \/>\n<script type=\"application\/ld+json\" class=\"yoast-schema-graph\">{\"@context\":\"https:\\\/\\\/schema.org\",\"@graph\":[{\"@type\":\"WebPage\",\"@id\":\"https:\\\/\\\/milexia.com\\\/es\\\/industries-es\\\/pruebas-y-medicion\\\/\",\"url\":\"https:\\\/\\\/milexia.com\\\/es\\\/industries-es\\\/pruebas-y-medicion\\\/\",\"name\":\"Soluciones de Test y Medida | Milexia Espa\u00f1a\",\"isPartOf\":{\"@id\":\"https:\\\/\\\/milexia.com\\\/es\\\/#website\"},\"primaryImageOfPage\":{\"@id\":\"https:\\\/\\\/milexia.com\\\/es\\\/industries-es\\\/pruebas-y-medicion\\\/#primaryimage\"},\"image\":{\"@id\":\"https:\\\/\\\/milexia.com\\\/es\\\/industries-es\\\/pruebas-y-medicion\\\/#primaryimage\"},\"thumbnailUrl\":\"\\\/wp-content\\\/uploads\\\/sites\\\/4\\\/2025\\\/09\\\/header-test-and-measurement-bg-scaled-1.webp\",\"datePublished\":\"2026-04-15T14:06:05+00:00\",\"dateModified\":\"2026-04-15T14:59:55+00:00\",\"description\":\"Soluciones de alto rendimiento en Pruebas y Medicion para los sectores aeroespacial, defensa, espacio y energia. Milexia Iberica suministra e integra bancos de pruebas RF, generadores de senal y analizadores de espectro.\",\"breadcrumb\":{\"@id\":\"https:\\\/\\\/milexia.com\\\/es\\\/industries-es\\\/pruebas-y-medicion\\\/#breadcrumb\"},\"inLanguage\":\"en-GB\",\"potentialAction\":[{\"@type\":\"ReadAction\",\"target\":[\"https:\\\/\\\/milexia.com\\\/es\\\/industries-es\\\/pruebas-y-medicion\\\/\"]}]},{\"@type\":\"ImageObject\",\"inLanguage\":\"en-GB\",\"@id\":\"https:\\\/\\\/milexia.com\\\/es\\\/industries-es\\\/pruebas-y-medicion\\\/#primaryimage\",\"url\":\"\\\/wp-content\\\/uploads\\\/sites\\\/4\\\/2025\\\/09\\\/header-test-and-measurement-bg-scaled-1.webp\",\"contentUrl\":\"\\\/wp-content\\\/uploads\\\/sites\\\/4\\\/2025\\\/09\\\/header-test-and-measurement-bg-scaled-1.webp\",\"width\":2560,\"height\":955,\"caption\":\"Hero banner Test & Measurement - Milexia (acceptable) Test & Measurement solutions for aerospace and defence | Milexia Ib\u00e9rica\"},{\"@type\":\"BreadcrumbList\",\"@id\":\"https:\\\/\\\/milexia.com\\\/es\\\/industries-es\\\/pruebas-y-medicion\\\/#breadcrumb\",\"itemListElement\":[{\"@type\":\"ListItem\",\"position\":1,\"name\":\"Home\",\"item\":\"https:\\\/\\\/azure.milexia.com\\\/es\\\/\"},{\"@type\":\"ListItem\",\"position\":2,\"name\":\"Industry (ES) Dummy\",\"item\":\"https:\\\/\\\/milexia.com\\\/es\\\/industries-es\\\/\"},{\"@type\":\"ListItem\",\"position\":3,\"name\":\"Pruebas y Medici\u00f3n\"}]},{\"@type\":\"WebSite\",\"@id\":\"https:\\\/\\\/milexia.com\\\/es\\\/#website\",\"url\":\"https:\\\/\\\/milexia.com\\\/es\\\/\",\"name\":\"Milexia Ib\u00e9rica\",\"description\":\"Facilitando el acceso a la tecnolog\u00eda\",\"potentialAction\":[{\"@type\":\"SearchAction\",\"target\":{\"@type\":\"EntryPoint\",\"urlTemplate\":\"https:\\\/\\\/milexia.com\\\/es\\\/?s={search_term_string}\"},\"query-input\":{\"@type\":\"PropertyValueSpecification\",\"valueRequired\":true,\"valueName\":\"search_term_string\"}}],\"inLanguage\":\"en-GB\"}]}<\/script>\n<!-- \/ Yoast SEO Premium plugin. -->","yoast_head_json":{"title":"Soluciones de Test y Medida | Milexia Espa\u00f1a","description":"Soluciones de alto rendimiento en Pruebas y Medicion para los sectores aeroespacial, defensa, espacio y energia. Milexia Iberica suministra e integra bancos de pruebas RF, generadores de senal y analizadores de espectro.","robots":{"index":"index","follow":"follow","max-snippet":"max-snippet:-1","max-image-preview":"max-image-preview:large","max-video-preview":"max-video-preview:-1"},"canonical":"https:\/\/milexia.com\/es\/industries-es\/pruebas-y-medicion\/","og_locale":"en_GB","og_type":"article","og_title":"Pruebas y Medici\u00f3n","og_description":"Soluciones de alto rendimiento en Pruebas y Medicion para los sectores aeroespacial, defensa, espacio y energia. Milexia Iberica suministra e integra bancos de pruebas RF, generadores de senal y analizadores de espectro.","og_url":"https:\/\/milexia.com\/es\/industries-es\/pruebas-y-medicion\/","og_site_name":"Milexia Ib\u00e9rica","article_modified_time":"2026-04-15T14:59:55+00:00","og_image":[{"width":2560,"height":955,"url":"https:\/\/milexia.com\/wp-content\/uploads\/sites\/4\/2025\/09\/header-test-and-measurement-bg-scaled-1.webp","type":"image\/webp"}],"twitter_card":"summary_large_image","twitter_misc":{"Estimated reading time":"7 minutes"},"schema":{"@context":"https:\/\/schema.org","@graph":[{"@type":"WebPage","@id":"https:\/\/milexia.com\/es\/industries-es\/pruebas-y-medicion\/","url":"https:\/\/milexia.com\/es\/industries-es\/pruebas-y-medicion\/","name":"Soluciones de Test y Medida | Milexia Espa\u00f1a","isPartOf":{"@id":"https:\/\/milexia.com\/es\/#website"},"primaryImageOfPage":{"@id":"https:\/\/milexia.com\/es\/industries-es\/pruebas-y-medicion\/#primaryimage"},"image":{"@id":"https:\/\/milexia.com\/es\/industries-es\/pruebas-y-medicion\/#primaryimage"},"thumbnailUrl":"\/wp-content\/uploads\/sites\/4\/2025\/09\/header-test-and-measurement-bg-scaled-1.webp","datePublished":"2026-04-15T14:06:05+00:00","dateModified":"2026-04-15T14:59:55+00:00","description":"Soluciones de alto rendimiento en Pruebas y Medicion para los sectores aeroespacial, defensa, espacio y energia. Milexia Iberica suministra e integra bancos de pruebas RF, generadores de senal y analizadores de espectro.","breadcrumb":{"@id":"https:\/\/milexia.com\/es\/industries-es\/pruebas-y-medicion\/#breadcrumb"},"inLanguage":"en-GB","potentialAction":[{"@type":"ReadAction","target":["https:\/\/milexia.com\/es\/industries-es\/pruebas-y-medicion\/"]}]},{"@type":"ImageObject","inLanguage":"en-GB","@id":"https:\/\/milexia.com\/es\/industries-es\/pruebas-y-medicion\/#primaryimage","url":"\/wp-content\/uploads\/sites\/4\/2025\/09\/header-test-and-measurement-bg-scaled-1.webp","contentUrl":"\/wp-content\/uploads\/sites\/4\/2025\/09\/header-test-and-measurement-bg-scaled-1.webp","width":2560,"height":955,"caption":"Hero banner Test & Measurement - Milexia (acceptable) Test & Measurement solutions for aerospace and defence | Milexia Ib\u00e9rica"},{"@type":"BreadcrumbList","@id":"https:\/\/milexia.com\/es\/industries-es\/pruebas-y-medicion\/#breadcrumb","itemListElement":[{"@type":"ListItem","position":1,"name":"Home","item":"https:\/\/azure.milexia.com\/es\/"},{"@type":"ListItem","position":2,"name":"Industry (ES) Dummy","item":"https:\/\/milexia.com\/es\/industries-es\/"},{"@type":"ListItem","position":3,"name":"Pruebas y Medici\u00f3n"}]},{"@type":"WebSite","@id":"https:\/\/milexia.com\/es\/#website","url":"https:\/\/milexia.com\/es\/","name":"Milexia Ib\u00e9rica","description":"Facilitando el acceso a la tecnolog\u00eda","potentialAction":[{"@type":"SearchAction","target":{"@type":"EntryPoint","urlTemplate":"https:\/\/milexia.com\/es\/?s={search_term_string}"},"query-input":{"@type":"PropertyValueSpecification","valueRequired":true,"valueName":"search_term_string"}}],"inLanguage":"en-GB"}]}},"lang":"es","translations":{"es":47202,"en":44902},"pll_sync_post":[],"_links":{"self":[{"href":"https:\/\/milexia.com\/es\/wp-json\/wp\/v2\/pages\/47202","targetHints":{"allow":["GET"]}}],"collection":[{"href":"https:\/\/milexia.com\/es\/wp-json\/wp\/v2\/pages"}],"about":[{"href":"https:\/\/milexia.com\/es\/wp-json\/wp\/v2\/types\/page"}],"author":[{"embeddable":true,"href":"https:\/\/milexia.com\/es\/wp-json\/wp\/v2\/users\/43"}],"replies":[{"embeddable":true,"href":"https:\/\/milexia.com\/es\/wp-json\/wp\/v2\/comments?post=47202"}],"version-history":[{"count":16,"href":"https:\/\/milexia.com\/es\/wp-json\/wp\/v2\/pages\/47202\/revisions"}],"predecessor-version":[{"id":47318,"href":"https:\/\/milexia.com\/es\/wp-json\/wp\/v2\/pages\/47202\/revisions\/47318"}],"up":[{"embeddable":true,"href":"https:\/\/milexia.com\/es\/wp-json\/wp\/v2\/pages\/47289"}],"wp:featuredmedia":[{"embeddable":true,"href":"https:\/\/milexia.com\/es\/wp-json\/wp\/v2\/media\/45415"}],"wp:attachment":[{"href":"https:\/\/milexia.com\/es\/wp-json\/wp\/v2\/media?parent=47202"}],"curies":[{"name":"wp","href":"https:\/\/api.w.org\/{rel}","templated":true}]}}